{"id":2,"date":"2016-05-10T03:48:21","date_gmt":"2016-05-10T03:48:21","guid":{"rendered":"http:\/\/buerger-international.de\/?page_id=2"},"modified":"2026-04-09T14:55:28","modified_gmt":"2026-04-09T14:55:28","slug":"sample-page","status":"publish","type":"page","link":"https:\/\/www.buerger-international.de\/","title":{"rendered":"WILLKOMMEN"},"content":{"rendered":"\n<p>B\u00fcrger International hat sich auf Tourismus Marketing, Beratung und die Vertretung von Tourism Boards, Hotels sowie DMCs im deutsch-sprachigen Markt spezialisiert.<\/p>\n\n\n\n<p>Die Erfahrung aus langj\u00e4hriger Repr\u00e4sentanz f\u00fcr ein ostafrikanisches Fremdenverkehrsamt ist Grundlage f\u00fcr die besten Industriekontakte im Tourismus in Deutschland, \u00d6sterreich und der Schweiz aber auch im s\u00fcdlichen und \u00f6stlichen Afrika. Kreative Kampagnen und Cross-Promotions mit bew\u00e4hrten Partnern und Marken erg\u00e4nzen das Portfolio.<\/p>\n\n\n\n<iframe width=\"540\" height=\"305\" src=\"https:\/\/d2801512.sibforms.com\/serve\/MUIFAMJ7mNQq3l-swIwDRVMafuVQ2Vu1kDXBCOgvvaDdTGPpnjCejjj1ajY7wZGZ2rY2av3nq0HjKVbNU30rPr5X9wvcjwW-YwanONycAq7kq4SeYL2hroePmEIbnGUqbVLLldUzo-3Z_4xVKqX77y9MIYRV10i72aXnETnDUPTGD9oRv1KIDVL-L_1Sb-zKuXZVVGd9dxn5Mmh3uw==\" frameborder=\"0\" scrolling=\"auto\" allowfullscreen style=\"display: block;margin-left: auto;margin-right: auto;max-width: 100%;\"><\/iframe>\n\n\n\n<h2 class=\"wp-block-heading\"><strong>LEISTUNGEN<\/strong><\/h2>\n\n\n\n<p><strong>MARKETING &amp; SALES:<\/strong> Image- und Verkaufskampagnen, Erstellung von Informationsmaterialien, touristische Verkaufsberatung<\/p>\n\n\n\n<p><strong>CROSS-PROMOTIONS:<\/strong> Kampagnenplanung mit bekannten Marken f\u00fcr die Konsumentenaktivierung, Gewinnspiele, Themenreisen<\/p>\n\n\n\n<p><strong>INFLUENCER RELATIONS:<\/strong> Vermittlung von Influencern  und Organisation von Destinationsreisen sowie Hotel und DMC Vermarktung<\/p>\n\n\n\n<p><strong>SOCIAL MEDIA MARKETING:<\/strong> Kreative Kampagnen auf Facebook und Instagram, Kunden- und Markenbetreuung, Content Produktion, Erstellung von Redaktionspl\u00e4nen, Facebook-Gruppen-Koordination<\/p>\n\n\n\n<p><strong>PRODUKTBERATUNG:<\/strong> Beratung f\u00fcr Reiseveranstalter und -b\u00fcros zu Logistik, Unterk\u00fcnften, Regionen und Attraktionen in verschiedenen afrikanischen L\u00e4ndern<\/p>\n\n\n\n<p><strong>PRESSEREISEN &amp; FAM-TRIPS:<\/strong> Komplett-Organisation von Informationsreisen f\u00fcr Medien- und Pressevertreter sowie Mitarbeiter von Reiseb\u00fcros und Reiseveranstaltern f\u00fcr Destinationen, Hotels und DMCs<\/p>\n\n\n\n<p><strong>TOURISMUS- &amp; KONSUMENTENMESSEN: <\/strong>Planung und Durchf\u00fchrung des Messeauftritts f\u00fcr unsere Kunden. Werbemittelplanung, Kommunikation, Pr\u00e4sentationen und Schulungen<\/p>\n\n\n\n<p><strong>EVENTS &amp; TRAININGS:<\/strong> Professionelle Veranstaltungsplanung, Destinations- und Produktschulungen, Location-Scouting, Catering und Mediakoordination<\/p>\n\n\n\n<h2 class=\"wp-block-heading\">Aktuelle <strong>Kunden<\/strong><\/h2>\n\n\n\n<div class=\"wp-block-columns is-layout-flex wp-container-core-columns-is-layout-9d6595d7 wp-block-columns-is-layout-flex\">\n<div class=\"wp-block-column is-layout-flow wp-block-column-is-layout-flow\" style=\"flex-basis:100%\">\n<div class=\"wp-block-media-text alignfull is-stacked-on-mobile\" style=\"grid-template-columns:31% auto\"><figure class=\"wp-block-media-text__media\"><img fetchpriority=\"high\" decoding=\"async\" width=\"1024\" height=\"658\" src=\"https:\/\/www.buerger-international.de\/wp-content\/uploads\/2021\/07\/5003696B_KTB_Board_Magical_Kenya_Logo_rgb-1024x658.jpg\" alt=\"\" class=\"wp-image-195 size-full\" srcset=\"https:\/\/www.buerger-international.de\/wp-content\/uploads\/2021\/07\/5003696B_KTB_Board_Magical_Kenya_Logo_rgb-1024x658.jpg 1024w, https:\/\/www.buerger-international.de\/wp-content\/uploads\/2021\/07\/5003696B_KTB_Board_Magical_Kenya_Logo_rgb-300x193.jpg 300w, https:\/\/www.buerger-international.de\/wp-content\/uploads\/2021\/07\/5003696B_KTB_Board_Magical_Kenya_Logo_rgb-768x494.jpg 768w, https:\/\/www.buerger-international.de\/wp-content\/uploads\/2021\/07\/5003696B_KTB_Board_Magical_Kenya_Logo_rgb-1536x987.jpg 1536w, https:\/\/www.buerger-international.de\/wp-content\/uploads\/2021\/07\/5003696B_KTB_Board_Magical_Kenya_Logo_rgb-2048x1316.jpg 2048w, https:\/\/www.buerger-international.de\/wp-content\/uploads\/2021\/07\/5003696B_KTB_Board_Magical_Kenya_Logo_rgb-1200x771.jpg 1200w\" sizes=\"(max-width: 1024px) 100vw, 1024px\" \/><\/figure><div class=\"wp-block-media-text__content\">\n<p>Kenya Tourism Board Rest of Europe (Germany, France, Italy)<\/p>\n<\/div><\/div>\n<\/div>\n<\/div>\n\n\n\n<h2 class=\"wp-block-heading\">Ehemalige Kunden<\/h2>\n\n\n\n<div class=\"wp-block-columns is-layout-flex wp-container-core-columns-is-layout-9d6595d7 wp-block-columns-is-layout-flex\">\n<div class=\"wp-block-column is-layout-flow wp-block-column-is-layout-flow\" style=\"flex-basis:100%\">\n<div class=\"wp-block-media-text alignwide is-stacked-on-mobile is-vertically-aligned-center\" style=\"grid-template-columns:23% auto\"><figure class=\"wp-block-media-text__media\"><img decoding=\"async\" width=\"320\" height=\"180\" src=\"https:\/\/www.buerger-international.de\/wp-content\/uploads\/2019\/04\/rhino-watch-lodge-logo.png\" alt=\"\" class=\"wp-image-78 size-full\" srcset=\"https:\/\/www.buerger-international.de\/wp-content\/uploads\/2019\/04\/rhino-watch-lodge-logo.png 320w, https:\/\/www.buerger-international.de\/wp-content\/uploads\/2019\/04\/rhino-watch-lodge-logo-300x169.png 300w\" sizes=\"(max-width: 320px) 100vw, 320px\" \/><\/figure><div class=\"wp-block-media-text__content\">\n<p class=\"has-normal-font-size\">Rhino Watch Safaris <br>Rhino Watch Lodge, Nyeri<br>Kenia<br><a rel=\"noreferrer noopener\" href=\"http:\/\/www.rhino-watch.com\/\" target=\"_blank\">http:\/\/www.rhino-watch.com<\/a><\/p>\n<\/div><\/div>\n\n\n\n<div class=\"wp-block-media-text alignwide is-stacked-on-mobile is-vertically-aligned-center\" style=\"grid-template-columns:23% auto\"><figure class=\"wp-block-media-text__media\"><img decoding=\"async\" width=\"1024\" height=\"583\" src=\"https:\/\/www.buerger-international.de\/wp-content\/uploads\/2021\/07\/Apasio-Lodges-Logo-RGB-1024x583.jpg\" alt=\"\" class=\"wp-image-185 size-full\" srcset=\"https:\/\/www.buerger-international.de\/wp-content\/uploads\/2021\/07\/Apasio-Lodges-Logo-RGB-1024x583.jpg 1024w, https:\/\/www.buerger-international.de\/wp-content\/uploads\/2021\/07\/Apasio-Lodges-Logo-RGB-300x171.jpg 300w, https:\/\/www.buerger-international.de\/wp-content\/uploads\/2021\/07\/Apasio-Lodges-Logo-RGB-768x438.jpg 768w, https:\/\/www.buerger-international.de\/wp-content\/uploads\/2021\/07\/Apasio-Lodges-Logo-RGB-1536x875.jpg 1536w, https:\/\/www.buerger-international.de\/wp-content\/uploads\/2021\/07\/Apasio-Lodges-Logo-RGB-1200x684.jpg 1200w, https:\/\/www.buerger-international.de\/wp-content\/uploads\/2021\/07\/Apasio-Lodges-Logo-RGB.jpg 2031w\" sizes=\"(max-width: 1024px) 100vw, 1024px\" \/><\/figure><div class=\"wp-block-media-text__content\">\n<p class=\"has-normal-font-size\">Mara Big Five Camp, Masai Mara<br>Coconut Beach Lodge, Tiwi Beach<br>Kenia<em><br><a rel=\"noreferrer noopener\" href=\"http:\/\/apasio-camps.com\/\" target=\"_blank\">http:\/\/apasio-camps.com<\/a><\/em><\/p>\n<\/div><\/div>\n\n\n\n<div class=\"wp-block-media-text is-stacked-on-mobile\" style=\"grid-template-columns:27% auto\"><figure class=\"wp-block-media-text__media\"><img loading=\"lazy\" decoding=\"async\" width=\"400\" height=\"179\" src=\"https:\/\/www.buerger-international.de\/wp-content\/uploads\/2024\/04\/logo2-1-1.png\" alt=\"\" class=\"wp-image-247 size-full\" srcset=\"https:\/\/www.buerger-international.de\/wp-content\/uploads\/2024\/04\/logo2-1-1.png 400w, https:\/\/www.buerger-international.de\/wp-content\/uploads\/2024\/04\/logo2-1-1-300x134.png 300w\" sizes=\"(max-width: 400px) 100vw, 400px\" \/><\/figure><div class=\"wp-block-media-text__content\">\n<p class=\"has-normal-font-size\">African Sun Hotels<br>Zimbabwe<\/p>\n\n\n\n<p class=\"has-normal-font-size\"><a href=\"http:\/\/www.africansunhotels.com\">www.africansunhotels.com<\/a> <\/p>\n<\/div><\/div>\n<\/div>\n<\/div>\n\n\n\n<div class=\"wp-block-columns is-layout-flex wp-container-core-columns-is-layout-9d6595d7 wp-block-columns-is-layout-flex\">\n<div class=\"wp-block-column is-layout-flow wp-block-column-is-layout-flow\" style=\"flex-basis:100%\">\n<div class=\"wp-block-media-text alignwide is-stacked-on-mobile\" style=\"grid-template-columns:23% auto\"><figure class=\"wp-block-media-text__media\"><img loading=\"lazy\" decoding=\"async\" width=\"700\" height=\"365\" src=\"https:\/\/www.buerger-international.de\/wp-content\/uploads\/2023\/09\/Elewana-Collection.png\" alt=\"\" class=\"wp-image-236 size-full\" srcset=\"https:\/\/www.buerger-international.de\/wp-content\/uploads\/2023\/09\/Elewana-Collection.png 700w, https:\/\/www.buerger-international.de\/wp-content\/uploads\/2023\/09\/Elewana-Collection-300x156.png 300w\" sizes=\"(max-width: 700px) 100vw, 700px\" \/><\/figure><div class=\"wp-block-media-text__content\">\n<p class=\"has-normal-font-size\">Elewana Collection<br>Kenia \/ Tansania<br><a rel=\"noreferrer noopener\" href=\"http:\/\/www.elewanacollection.com\" target=\"_blank\">http:\/\/www.elewanacollection.com<\/a><\/p>\n<\/div><\/div>\n\n\n\n<div class=\"wp-block-media-text alignwide is-stacked-on-mobile\" style=\"grid-template-columns:23% auto\"><figure class=\"wp-block-media-text__media\"><img loading=\"lazy\" decoding=\"async\" width=\"181\" height=\"58\" src=\"https:\/\/www.buerger-international.de\/wp-content\/uploads\/2023\/06\/SunAfricaExpeditions_logo-.png\" alt=\"\" class=\"wp-image-231 size-full\"\/><\/figure><div class=\"wp-block-media-text__content\">\n<p class=\"has-normal-font-size\">Sun Africa Expeditions Uganda<br><a rel=\"noreferrer noopener\" href=\"http:\/\/www.elewanacollection.com\" target=\"_blank\"><\/a><a rel=\"noreferrer noopener\" href=\"http:\/\/www.sunafricaexpeditions.com\/\" target=\"_blank\">http:\/\/www.sunafricaexpeditions.com<\/a><\/p>\n<\/div><\/div>\n<\/div>\n<\/div>\n\n\n\n<div class=\"wp-block-columns is-layout-flex wp-container-core-columns-is-layout-9d6595d7 wp-block-columns-is-layout-flex\">\n<div class=\"wp-block-column is-layout-flow wp-block-column-is-layout-flow\" style=\"flex-basis:100%\">\n<div class=\"wp-block-media-text alignwide is-stacked-on-mobile\" style=\"grid-template-columns:22% auto\"><figure class=\"wp-block-media-text__media\"><img loading=\"lazy\" decoding=\"async\" width=\"1024\" height=\"580\" src=\"https:\/\/www.buerger-international.de\/wp-content\/uploads\/2023\/02\/Sanbona-Logo-White001b-1-1024x580.jpg\" alt=\"\" class=\"wp-image-211 size-full\" srcset=\"https:\/\/www.buerger-international.de\/wp-content\/uploads\/2023\/02\/Sanbona-Logo-White001b-1-1024x580.jpg 1024w, https:\/\/www.buerger-international.de\/wp-content\/uploads\/2023\/02\/Sanbona-Logo-White001b-1-300x170.jpg 300w, https:\/\/www.buerger-international.de\/wp-content\/uploads\/2023\/02\/Sanbona-Logo-White001b-1-768x435.jpg 768w, https:\/\/www.buerger-international.de\/wp-content\/uploads\/2023\/02\/Sanbona-Logo-White001b-1-1536x870.jpg 1536w, https:\/\/www.buerger-international.de\/wp-content\/uploads\/2023\/02\/Sanbona-Logo-White001b-1-2048x1160.jpg 2048w, https:\/\/www.buerger-international.de\/wp-content\/uploads\/2023\/02\/Sanbona-Logo-White001b-1-1200x679.jpg 1200w\" sizes=\"(max-width: 1024px) 100vw, 1024px\" \/><\/figure><div class=\"wp-block-media-text__content\">\n<p>ITB Projekt f\u00fcr Sanbona Wildlife Reserve, S\u00fcdafrika <br><a href=\"http:\/\/www.africansunhotels.com\/\">http:\/\/sanbona.com<\/a><\/p>\n<\/div><\/div>\n\n\n\n<div class=\"wp-block-media-text alignwide is-stacked-on-mobile\" style=\"grid-template-columns:22% auto\"><figure class=\"wp-block-media-text__media\"><img loading=\"lazy\" decoding=\"async\" width=\"1024\" height=\"696\" src=\"https:\/\/www.buerger-international.de\/wp-content\/uploads\/2023\/02\/Jock-Logo-White-1-1024x696.jpg\" alt=\"\" class=\"wp-image-212 size-full\" srcset=\"https:\/\/www.buerger-international.de\/wp-content\/uploads\/2023\/02\/Jock-Logo-White-1-1024x696.jpg 1024w, https:\/\/www.buerger-international.de\/wp-content\/uploads\/2023\/02\/Jock-Logo-White-1-300x204.jpg 300w, https:\/\/www.buerger-international.de\/wp-content\/uploads\/2023\/02\/Jock-Logo-White-1-768x522.jpg 768w, https:\/\/www.buerger-international.de\/wp-content\/uploads\/2023\/02\/Jock-Logo-White-1-1536x1044.jpg 1536w, https:\/\/www.buerger-international.de\/wp-content\/uploads\/2023\/02\/Jock-Logo-White-1-2048x1392.jpg 2048w, https:\/\/www.buerger-international.de\/wp-content\/uploads\/2023\/02\/Jock-Logo-White-1-1200x816.jpg 1200w\" sizes=\"(max-width: 1024px) 100vw, 1024px\" \/><\/figure><div class=\"wp-block-media-text__content\">\n<p>ITB Projekt f\u00fcr Jock Safari Lodge, S\u00fcdafrika<em><br><\/em><a rel=\"noreferrer noopener\" href=\"https:\/\/www.jocksafarilodge.com\/\" target=\"_blank\">https:\/\/www.jocksafarilodge.com\/<\/a><\/p>\n<\/div><\/div>\n\n\n\n<div class=\"wp-block-media-text alignwide is-stacked-on-mobile\" style=\"grid-template-columns:22% auto\"><figure class=\"wp-block-media-text__media\"><img loading=\"lazy\" decoding=\"async\" width=\"200\" height=\"100\" src=\"https:\/\/www.buerger-international.de\/wp-content\/uploads\/2023\/02\/logo_a.gif\" alt=\"\" class=\"wp-image-213 size-full\"\/><\/figure><div class=\"wp-block-media-text__content\">\n<p>Wissenschaftliches Projektmanagement f\u00fcr die Bundesanstalt Technisches Hilfswerk <br>Cooperation Project Medical (COOP-M) <br><a rel=\"noreferrer noopener\" href=\"http:\/\/www.thw.de\" target=\"_blank\">http:\/\/www.thw.de<\/a><\/p>\n<\/div><\/div>\n<\/div>\n<\/div>\n\n\n\n<div class=\"wp-block-columns is-layout-flex wp-container-core-columns-is-layout-9d6595d7 wp-block-columns-is-layout-flex\">\n<div class=\"wp-block-column is-layout-flow wp-block-column-is-layout-flow\" style=\"flex-basis:100%\">\n<div class=\"wp-block-media-text alignwide is-stacked-on-mobile\" style=\"grid-template-columns:24% auto\"><figure class=\"wp-block-media-text__media\"><img loading=\"lazy\" decoding=\"async\" width=\"1024\" height=\"658\" src=\"https:\/\/www.buerger-international.de\/wp-content\/uploads\/2021\/07\/5003696B_KTB_Board_Magical_Kenya_Logo_rgb-1-1024x658.jpg\" alt=\"\" class=\"wp-image-196 size-full\" srcset=\"https:\/\/www.buerger-international.de\/wp-content\/uploads\/2021\/07\/5003696B_KTB_Board_Magical_Kenya_Logo_rgb-1-1024x658.jpg 1024w, https:\/\/www.buerger-international.de\/wp-content\/uploads\/2021\/07\/5003696B_KTB_Board_Magical_Kenya_Logo_rgb-1-300x193.jpg 300w, https:\/\/www.buerger-international.de\/wp-content\/uploads\/2021\/07\/5003696B_KTB_Board_Magical_Kenya_Logo_rgb-1-768x494.jpg 768w, https:\/\/www.buerger-international.de\/wp-content\/uploads\/2021\/07\/5003696B_KTB_Board_Magical_Kenya_Logo_rgb-1-1536x987.jpg 1536w, https:\/\/www.buerger-international.de\/wp-content\/uploads\/2021\/07\/5003696B_KTB_Board_Magical_Kenya_Logo_rgb-1-2048x1316.jpg 2048w, https:\/\/www.buerger-international.de\/wp-content\/uploads\/2021\/07\/5003696B_KTB_Board_Magical_Kenya_Logo_rgb-1-1200x771.jpg 1200w\" sizes=\"(max-width: 1024px) 100vw, 1024px\" \/><\/figure><div class=\"wp-block-media-text__content\">\n<p style=\"font-size:18px\">Repr\u00e4sentanz von 2012 &#8211; 2020 des <br>Kenya Tourism Boards in Deutschland, \u00d6sterreich und der Schweiz<\/p>\n\n\n\n<figure class=\"wp-block-embed is-type-video is-provider-youtube wp-block-embed-youtube wp-embed-aspect-16-9 wp-has-aspect-ratio\"><div class=\"wp-block-embed__wrapper\">\n<iframe title=\"Rediscover The Magic\" width=\"700\" height=\"394\" src=\"https:\/\/www.youtube.com\/embed\/ffAirPZuFuA?feature=oembed\" frameborder=\"0\" allow=\"accelerometer; autoplay; clipboard-write; encrypted-media; gyroscope; picture-in-picture; web-share\" referrerpolicy=\"strict-origin-when-cross-origin\" allowfullscreen><\/iframe>\n<\/div><\/figure>\n<\/div><\/div>\n<\/div>\n<\/div>\n\n\n\n<h2 class=\"wp-block-heading\"><strong>Partner<\/strong><\/h2>\n\n\n\n<div class=\"wp-block-columns is-layout-flex wp-container-core-columns-is-layout-9d6595d7 wp-block-columns-is-layout-flex\">\n<div class=\"wp-block-column is-layout-flow wp-block-column-is-layout-flow\" style=\"flex-basis:100%\">\n<div class=\"wp-block-media-text alignwide is-vertically-aligned-center\" style=\"grid-template-columns:15% auto\"><figure class=\"wp-block-media-text__media\"><img loading=\"lazy\" decoding=\"async\" width=\"120\" height=\"120\" src=\"http:\/\/www.buerger-international.de\/wp-content\/uploads\/2020\/11\/fmd-logo.png\" alt=\"\" class=\"wp-image-156 size-full\" srcset=\"https:\/\/www.buerger-international.de\/wp-content\/uploads\/2020\/11\/fmd-logo.png 120w, https:\/\/www.buerger-international.de\/wp-content\/uploads\/2020\/11\/fmd-logo-100x100.png 100w\" sizes=\"(max-width: 120px) 100vw, 120px\" \/><\/figure><div class=\"wp-block-media-text__content\">\n<p style=\"font-size:18px\">Filmemacher Deutschland &#8211; Content Produktion und reichweitenstarkes Social Media Marketing. <br><a rel=\"noreferrer noopener\" href=\"http:\/\/www.fmd-productions.com\" target=\"_blank\">http:\/\/www.fmd-productions.com<\/a>. <\/p>\n\n\n\n<p style=\"font-size:18px\">Das  Video von Thomas Alex Norman ist bei einer Kooperation zwischen FMD und dem Uganda Tourism Board Deutschland im Winter 2018 entstanden. Thomas hat insgesamt vier Episoden ver\u00f6ffentlich und der produzierte Content wird weiterhin (Stand 2023) genutzt . Die bisherige Zusammenarbeit f\u00fchrte FMD bereits nach Kenia, Uganda, Japan und den Azoren.<\/p>\n\n\n\n<figure class=\"wp-block-embed is-type-video is-provider-youtube wp-block-embed-youtube wp-embed-aspect-16-9 wp-has-aspect-ratio\"><div class=\"wp-block-embed__wrapper\">\n<iframe title=\"48 Hours In Africa\" width=\"700\" height=\"394\" src=\"https:\/\/www.youtube.com\/embed\/ksfz7EyHIz0?feature=oembed\" frameborder=\"0\" allow=\"accelerometer; autoplay; clipboard-write; encrypted-media; gyroscope; picture-in-picture; web-share\" referrerpolicy=\"strict-origin-when-cross-origin\" allowfullscreen><\/iframe>\n<\/div><\/figure>\n<\/div><\/div>\n<\/div>\n<\/div>\n\n\n\n<h2 class=\"wp-block-heading\"><strong>IMPRESSUM<\/strong><\/h2>\n\n\n\n<p>Angaben gem\u00e4\u00df \u00a7 5 TMG<\/p>\n\n\n\n<p>Guido B\u00fcrger, B\u00fcrger International &#8211; Tourism Marketing &amp; Consulting&nbsp;<br>Warsbergerstr. 7<br>54457 Wincheringen<br><\/p>\n\n\n\n<p><strong>Vertreten durch:&nbsp;<\/strong><br>Guido B\u00fcrger<br><\/p>\n\n\n\n<p><strong>Kontakt:<\/strong>&nbsp;<br>Telefon: +49 (0) 179-533 53 47<br>E-Mail:&nbsp;<a href=\"mailto:guido@buerger-international.de\">guido@buerger-international.de<\/a><br><\/p>\n\n\n\n<p><strong>Umsatzsteuer-ID:&nbsp;<\/strong><br>Umsatzsteuer-Identifikationsnummer gem\u00e4\u00df \u00a727a Umsatzsteuergesetz:  <br>DE 321 783 185 <br><\/p>\n\n\n\n<p><strong>Haftungsausschluss:&nbsp;<\/strong><br><br><strong>Haftung f\u00fcr Inhalte<\/strong><br>Die Inhalte unserer Seiten wurden mit gr\u00f6\u00dfter Sorgfalt erstellt. F\u00fcr die Richtigkeit, Vollst\u00e4ndigkeit und Aktualit\u00e4t der Inhalte k\u00f6nnen wir jedoch keine Gew\u00e4hr \u00fcbernehmen. Als Diensteanbieter sind wir gem\u00e4\u00df \u00a7 7 Abs.1 TMG f\u00fcr eigene Inhalte auf diesen Seiten nach den allgemeinen Gesetzen verantwortlich. Nach \u00a7\u00a7 8 bis 10 TMG sind wir als Diensteanbieter jedoch nicht verpflichtet, \u00fcbermittelte oder gespeicherte fremde Informationen zu \u00fcberwachen oder nach Umst\u00e4nden zu forschen, die auf eine rechtswidrige T\u00e4tigkeit hinweisen. Verpflichtungen zur Entfernung oder Sperrung der Nutzung von Informationen nach den allgemeinen Gesetzen bleiben hiervon unber\u00fchrt. Eine diesbez\u00fcgliche Haftung ist jedoch erst ab dem Zeitpunkt der Kenntnis einer konkreten Rechtsverletzung m\u00f6glich. Bei Bekanntwerden von entsprechenden Rechtsverletzungen werden wir diese Inhalte umgehend entfernen.<br><br><strong>Haftung f\u00fcr Links<\/strong><br>Unser Angebot enth\u00e4lt Links zu externen Webseiten Dritter, auf deren Inhalte wir keinen Einfluss haben. Deshalb k\u00f6nnen wir f\u00fcr diese fremden Inhalte auch keine Gew\u00e4hr \u00fcbernehmen. F\u00fcr die Inhalte der verlinkten Seiten ist stets der jeweilige Anbieter oder Betreiber der Seiten verantwortlich. Die verlinkten Seiten wurden zum Zeitpunkt der Verlinkung auf m\u00f6gliche Rechtsverst\u00f6\u00dfe \u00fcberpr\u00fcft. Rechtswidrige Inhalte waren zum Zeitpunkt der Verlinkung nicht erkennbar. Eine permanente inhaltliche Kontrolle der verlinkten Seiten ist jedoch ohne konkrete Anhaltspunkte einer Rechtsverletzung nicht zumutbar. Bei Bekanntwerden von Rechtsverletzungen werden wir derartige Links umgehend entfernen.<br><br><strong>Urheberrecht<\/strong><br>Die durch die Seitenbetreiber erstellten Inhalte und Werke auf diesen Seiten unterliegen dem deutschen Urheberrecht. Die Vervielf\u00e4ltigung, Bearbeitung, Verbreitung und jede Art der Verwertung au\u00dferhalb der Grenzen des Urheberrechtes bed\u00fcrfen der schriftlichen Zustimmung des jeweiligen Autors bzw. Erstellers. Downloads und Kopien dieser Seite sind nur f\u00fcr den privaten, nicht kommerziellen Gebrauch gestattet. Soweit die Inhalte auf dieser Seite nicht vom Betreiber erstellt wurden, werden die Urheberrechte Dritter beachtet. Insbesondere werden Inhalte Dritter als solche gekennzeichnet. Sollten Sie trotzdem auf eine Urheberrechtsverletzung aufmerksam werden, bitten wir um einen entsprechenden Hinweis. Bei Bekanntwerden von Rechtsverletzungen werden wir derartige Inhalte umgehend entfernen.<br><br><strong>Datenschutz<\/strong><br>Die Nutzung unserer Webseite ist in der Regel ohne Angabe personenbezogener Daten m\u00f6glich. Soweit auf unseren Seiten personenbezogene Daten (beispielsweise Name, Anschrift oder eMail-Adressen) erhoben werden, erfolgt dies, soweit m\u00f6glich, stets auf freiwilliger Basis. Diese Daten werden ohne Ihre ausdr\u00fcckliche Zustimmung nicht an Dritte weitergegeben.&nbsp;<br>Wir weisen darauf hin, dass die Daten\u00fcbertragung im Internet (z.B. bei der Kommunikation per E-Mail) Sicherheitsl\u00fccken aufweisen kann. Ein l\u00fcckenloser Schutz der Daten vor dem Zugriff durch Dritte ist nicht m\u00f6glich.&nbsp;<br>Der Nutzung von im Rahmen der Impressumspflicht ver\u00f6ffentlichten Kontaktdaten durch Dritte zur \u00dcbersendung von nicht ausdr\u00fccklich angeforderter Werbung und Informationsmaterialien wird hiermit ausdr\u00fccklich widersprochen. Die Betreiber der Seiten behalten sich ausdr\u00fccklich rechtliche Schritte im Falle der unverlangten Zusendung von Werbeinformationen, etwa durch Spam-Mails, vor.<br><br>Website Impressum erstellt durch&nbsp;<a href=\"https:\/\/www.impressum-generator.de\/\">impressum-generator.de<\/a>&nbsp;von der&nbsp;<a href=\"https:\/\/www.kanzlei-hasselbach.de\/\">Kanzlei Hasselbach<\/a><\/p>\n\n\n\n<pre class=\"wp-block-code\"><code><\/code><\/pre>\n","protected":false},"excerpt":{"rendered":"<p>B\u00fcrger International hat sich auf Tourismus Marketing, Beratung und die Vertretung von Tourism Boards, Hotels sowie DMCs im deutsch-sprachigen Markt spezialisiert. Die Erfahrung aus langj\u00e4hriger Repr\u00e4sentanz f\u00fcr ein ostafrikanisches Fremdenverkehrsamt ist Grundlage f\u00fcr die besten Industriekontakte im Tourismus in Deutschland, \u00d6sterreich und der Schweiz aber auch im s\u00fcdlichen und \u00f6stlichen Afrika. Kreative Kampagnen und Cross-Promotions [&hellip;]<\/p>\n","protected":false},"author":1,"featured_media":12,"parent":0,"menu_order":0,"comment_status":"closed","ping_status":"open","template":"","meta":{"footnotes":""},"class_list":["post-2","page","type-page","status-publish","has-post-thumbnail","hentry","post","has-featured-image"],"_links":{"self":[{"href":"https:\/\/www.buerger-international.de\/index.php?rest_route=\/wp\/v2\/pages\/2","targetHints":{"allow":["GET"]}}],"collection":[{"href":"https:\/\/www.buerger-international.de\/index.php?rest_route=\/wp\/v2\/pages"}],"about":[{"href":"https:\/\/www.buerger-international.de\/index.php?rest_route=\/wp\/v2\/types\/page"}],"author":[{"embeddable":true,"href":"https:\/\/www.buerger-international.de\/index.php?rest_route=\/wp\/v2\/users\/1"}],"replies":[{"embeddable":true,"href":"https:\/\/www.buerger-international.de\/index.php?rest_route=%2Fwp%2Fv2%2Fcomments&post=2"}],"version-history":[{"count":85,"href":"https:\/\/www.buerger-international.de\/index.php?rest_route=\/wp\/v2\/pages\/2\/revisions"}],"predecessor-version":[{"id":261,"href":"https:\/\/www.buerger-international.de\/index.php?rest_route=\/wp\/v2\/pages\/2\/revisions\/261"}],"wp:featuredmedia":[{"embeddable":true,"href":"https:\/\/www.buerger-international.de\/index.php?rest_route=\/wp\/v2\/media\/12"}],"wp:attachment":[{"href":"https:\/\/www.buerger-international.de\/index.php?rest_route=%2Fwp%2Fv2%2Fmedia&parent=2"}],"curies":[{"name":"wp","href":"https:\/\/api.w.org\/{rel}","templated":true}]}}